{"id":9,"date":"2022-05-14T13:31:37","date_gmt":"2022-05-14T16:31:37","guid":{"rendered":"https:\/\/www.vitser.com.ar\/?page_id=9"},"modified":"2022-05-14T13:31:37","modified_gmt":"2022-05-14T16:31:37","slug":"equipos-de-maxima-demanda","status":"publish","type":"page","link":"https:\/\/www.vitser.com.ar\/index.php\/equipos-de-maxima-demanda\/","title":{"rendered":"Equipos de Maxima Demanda"},"content":{"rendered":"\n<p>Optimice Su Consumo de Energ\u00eda<br>Evite Pasar su Demanda Base<\/p>\n\n\n\n<p>Este equipo le permitir\u00e1 controlar y administrar sus excesos de consumo de energ\u00eda, se puede programar para avisar en caso de que su potencia llegase a los par\u00e1metros establecidos o bajar el consumo desconectando maquinas en forma autom\u00e1tica<\/p>\n\n\n\n<p>Adem\u00e1s act\u00faa como analizador de energ\u00eda pudiendo mostrar todos los par\u00e1metros necesarios para un buen control.<\/p>\n\n\n\n<div class=\"wp-block-image\"><figure class=\"aligncenter size-full\"><img loading=\"lazy\" decoding=\"async\" width=\"400\" height=\"351\" src=\"https:\/\/www.vitser.com.ar\/wp-content\/uploads\/2022\/05\/demanda.gif\" alt=\"\" class=\"wp-image-10\"\/><\/figure><\/div>\n\n\n\n<p>Conexi\u00f3n a PC con monitoreo en tiempo real de los valores integrados al sistema<\/p>\n","protected":false},"excerpt":{"rendered":"<p>Optimice Su Consumo de Energ\u00edaEvite Pasar su Demanda Base Este equipo le permitir\u00e1 controlar y administrar sus excesos de consumo de energ\u00eda, se puede programar para avisar en caso de que su potencia llegase a los par\u00e1metros establecidos o bajar el consumo desconectando maquinas en forma autom\u00e1tica Adem\u00e1s act\u00faa como analizador de energ\u00eda pudiendo mostrar [&hellip;]<\/p>\n","protected":false},"author":1,"featured_media":0,"parent":0,"menu_order":0,"comment_status":"closed","ping_status":"closed","template":"","meta":{"footnotes":""},"class_list":["post-9","page","type-page","status-publish","hentry"],"_links":{"self":[{"href":"https:\/\/www.vitser.com.ar\/index.php\/wp-json\/wp\/v2\/pages\/9","targetHints":{"allow":["GET"]}}],"collection":[{"href":"https:\/\/www.vitser.com.ar\/index.php\/wp-json\/wp\/v2\/pages"}],"about":[{"href":"https:\/\/www.vitser.com.ar\/index.php\/wp-json\/wp\/v2\/types\/page"}],"author":[{"embeddable":true,"href":"https:\/\/www.vitser.com.ar\/index.php\/wp-json\/wp\/v2\/users\/1"}],"replies":[{"embeddable":true,"href":"https:\/\/www.vitser.com.ar\/index.php\/wp-json\/wp\/v2\/comments?post=9"}],"version-history":[{"count":1,"href":"https:\/\/www.vitser.com.ar\/index.php\/wp-json\/wp\/v2\/pages\/9\/revisions"}],"predecessor-version":[{"id":13,"href":"https:\/\/www.vitser.com.ar\/index.php\/wp-json\/wp\/v2\/pages\/9\/revisions\/13"}],"wp:attachment":[{"href":"https:\/\/www.vitser.com.ar\/index.php\/wp-json\/wp\/v2\/media?parent=9"}],"curies":[{"name":"wp","href":"https:\/\/api.w.org\/{rel}","templated":true}]}}