{"id":31,"date":"2022-05-14T13:55:26","date_gmt":"2022-05-14T16:55:26","guid":{"rendered":"https:\/\/www.vitser.com.ar\/?page_id=31"},"modified":"2022-05-15T12:44:18","modified_gmt":"2022-05-15T15:44:18","slug":"energia-reactiva","status":"publish","type":"page","link":"https:\/\/www.vitser.com.ar\/index.php\/energia-reactiva\/","title":{"rendered":"Energ\u00eda Reactiva"},"content":{"rendered":"\n<p>ACERCA DE ENERGIA REACTIVA EXTRAIDO DEL CONTRATO DE CONCESION<\/p>\n\n\n\n<p><strong>CONTRATO DE CONCESION DE EDESUR S.A. y EDENOR S.A.<\/strong><\/p>\n\n\n\n<p>Subanexo 1 R\u00c9GIMEN TARIFARIO &#8211; CUADRO TARIFARIO<br>CAPITULO 1 :<\/p>\n\n\n\n<p><br>Inciso 3) Los cargos que anteceden, rigen para un factor de potencia inductivo (Cos fi) igual o superior a 0,85. LA DISTRIBUIDORA se reserva el derecho de verificar el factor de potencia ; en el caso que el mismo fuese inferior a 0,85, est\u00e1 facultada a aumentar los cargos indicados en el Inciso 2), seg\u00fan se indica a continuaci\u00f3n:<\/p>\n\n\n\n<p>&#8211; Cos fi &lt; de 0,85 hasta 0,75: 10%<br>&#8211; Cos fi &lt; de 0,75: 20%<\/p>\n\n\n\n<p><br>A tal efecto, LA DISTRIBUIDORA podr\u00e1, a su opci\u00f3n, efectuar mediciones instant\u00e1neas del factor de potencia con el r\u00e9gimen de funcionamiento y cargas normales de las instalaciones del consumidor, o establecer el valor medio del factor de potencia midiendo la energ\u00eda reactiva suministrada en el per\u00edodo de facturaci\u00f3n.Si de las mediciones efectuadas surgiese que el factor de potencia es inferior a 0,85, LA DISTRIBUIDORA notificar\u00e1 al usuario tal circunstancia, otorg\u00e1ndole un plazo de sesenta (60) d\u00edas para la normalizaci\u00f3n de dicho factor.Si una vez transcurrido el plazo a\u00fan no se hubiese corregido la anormalidad, LA DISTRIBUIDORA estar\u00e1 facultada a aumentar los cargos indicados en el Inciso 2) a partir de la primer facturaci\u00f3n que se emita con posterioridad a la comprobaci\u00f3n de la anomal\u00eda, y hasta tanto la misma no sea subsanada.<\/p>\n\n\n\n<p>Cuando el valor medio del factor de potencia fuese inferior a 0,60, LA DISTRIBUIDORA, previa notificaci\u00f3n, podr\u00e1 suspender el servicio el\u00e9ctrico hasta tanto el usuario adecue sus instalaciones a fin de superar dicho valor l\u00edmite.<\/p>\n","protected":false},"excerpt":{"rendered":"<p>ACERCA DE ENERGIA REACTIVA EXTRAIDO DEL CONTRATO DE CONCESION CONTRATO DE CONCESION DE EDESUR S.A. y EDENOR S.A. Subanexo 1 R\u00c9GIMEN TARIFARIO &#8211; CUADRO TARIFARIOCAPITULO 1 : Inciso 3) Los cargos que anteceden, rigen para un factor de potencia inductivo (Cos fi) igual o superior a 0,85. LA DISTRIBUIDORA se reserva el derecho de verificar [&hellip;]<\/p>\n","protected":false},"author":1,"featured_media":0,"parent":0,"menu_order":0,"comment_status":"closed","ping_status":"closed","template":"","meta":{"footnotes":""},"class_list":["post-31","page","type-page","status-publish","hentry"],"_links":{"self":[{"href":"https:\/\/www.vitser.com.ar\/index.php\/wp-json\/wp\/v2\/pages\/31","targetHints":{"allow":["GET"]}}],"collection":[{"href":"https:\/\/www.vitser.com.ar\/index.php\/wp-json\/wp\/v2\/pages"}],"about":[{"href":"https:\/\/www.vitser.com.ar\/index.php\/wp-json\/wp\/v2\/types\/page"}],"author":[{"embeddable":true,"href":"https:\/\/www.vitser.com.ar\/index.php\/wp-json\/wp\/v2\/users\/1"}],"replies":[{"embeddable":true,"href":"https:\/\/www.vitser.com.ar\/index.php\/wp-json\/wp\/v2\/comments?post=31"}],"version-history":[{"count":3,"href":"https:\/\/www.vitser.com.ar\/index.php\/wp-json\/wp\/v2\/pages\/31\/revisions"}],"predecessor-version":[{"id":141,"href":"https:\/\/www.vitser.com.ar\/index.php\/wp-json\/wp\/v2\/pages\/31\/revisions\/141"}],"wp:attachment":[{"href":"https:\/\/www.vitser.com.ar\/index.php\/wp-json\/wp\/v2\/media?parent=31"}],"curies":[{"name":"wp","href":"https:\/\/api.w.org\/{rel}","templated":true}]}}