{"id":26,"date":"2022-05-14T13:52:14","date_gmt":"2022-05-14T16:52:14","guid":{"rendered":"https:\/\/www.vitser.com.ar\/?page_id=26"},"modified":"2022-05-15T00:20:38","modified_gmt":"2022-05-15T03:20:38","slug":"linea-va","status":"publish","type":"page","link":"https:\/\/www.vitser.com.ar\/index.php\/linea-va\/","title":{"rendered":"Linea VA"},"content":{"rendered":"\n<div class=\"wp-block-columns is-layout-flex wp-container-core-columns-is-layout-28f84493 wp-block-columns-is-layout-flex\">\n<div class=\"wp-block-column is-layout-flow wp-block-column-is-layout-flow\" style=\"flex-basis:33.33%\">\n<figure class=\"wp-block-image size-full\"><img loading=\"lazy\" decoding=\"async\" width=\"760\" height=\"1024\" src=\"https:\/\/www.vitser.com.ar\/wp-content\/uploads\/2022\/05\/000_0671.png\" alt=\"\" class=\"wp-image-48\" srcset=\"https:\/\/www.vitser.com.ar\/wp-content\/uploads\/2022\/05\/000_0671.png 760w, https:\/\/www.vitser.com.ar\/wp-content\/uploads\/2022\/05\/000_0671-223x300.png 223w\" sizes=\"auto, (max-width: 760px) 100vw, 760px\" \/><\/figure>\n<\/div>\n\n\n\n<div class=\"wp-block-column is-layout-flow wp-block-column-is-layout-flow\" style=\"flex-basis:66.66%\">\n<p>Equipo corrector del factor de potencia Autom\u00e1tico<\/p>\n\n\n\n<p>Estos equipos son fabricados con materiales de la mas alta calidad y respetando las normas IRAM y CE cumpliendo as\u00ed con los mas altos requerimientos del mercado, adem\u00e1s todos los componentes son sobredimensionados para evitar golpes de tensi\u00f3n y sobrecalentamiento las dimensiones aproximadas en 2 Gabinetes c\/u 600x900x300mm estas pueden variar dependiendo la potencia.<\/p>\n<\/div>\n<\/div>\n\n\n\n<p><\/p>\n","protected":false},"excerpt":{"rendered":"<p>Equipo corrector del factor de potencia Autom\u00e1tico Estos equipos son fabricados con materiales de la mas alta calidad y respetando las normas IRAM y CE cumpliendo as\u00ed con los mas altos requerimientos del mercado, adem\u00e1s todos los componentes son sobredimensionados para evitar golpes de tensi\u00f3n y sobrecalentamiento las dimensiones aproximadas en 2 Gabinetes c\/u 600x900x300mm [&hellip;]<\/p>\n","protected":false},"author":1,"featured_media":0,"parent":0,"menu_order":0,"comment_status":"closed","ping_status":"closed","template":"","meta":{"footnotes":""},"class_list":["post-26","page","type-page","status-publish","hentry"],"_links":{"self":[{"href":"https:\/\/www.vitser.com.ar\/index.php\/wp-json\/wp\/v2\/pages\/26","targetHints":{"allow":["GET"]}}],"collection":[{"href":"https:\/\/www.vitser.com.ar\/index.php\/wp-json\/wp\/v2\/pages"}],"about":[{"href":"https:\/\/www.vitser.com.ar\/index.php\/wp-json\/wp\/v2\/types\/page"}],"author":[{"embeddable":true,"href":"https:\/\/www.vitser.com.ar\/index.php\/wp-json\/wp\/v2\/users\/1"}],"replies":[{"embeddable":true,"href":"https:\/\/www.vitser.com.ar\/index.php\/wp-json\/wp\/v2\/comments?post=26"}],"version-history":[{"count":3,"href":"https:\/\/www.vitser.com.ar\/index.php\/wp-json\/wp\/v2\/pages\/26\/revisions"}],"predecessor-version":[{"id":128,"href":"https:\/\/www.vitser.com.ar\/index.php\/wp-json\/wp\/v2\/pages\/26\/revisions\/128"}],"wp:attachment":[{"href":"https:\/\/www.vitser.com.ar\/index.php\/wp-json\/wp\/v2\/media?parent=26"}],"curies":[{"name":"wp","href":"https:\/\/api.w.org\/{rel}","templated":true}]}}