{"id":23,"date":"2022-05-14T13:50:17","date_gmt":"2022-05-14T16:50:17","guid":{"rendered":"https:\/\/www.vitser.com.ar\/?page_id=23"},"modified":"2022-05-15T00:51:19","modified_gmt":"2022-05-15T03:51:19","slug":"linea-vt-r","status":"publish","type":"page","link":"https:\/\/www.vitser.com.ar\/index.php\/linea-vt-r\/","title":{"rendered":"Linea VT-R"},"content":{"rendered":"\n<div class=\"wp-block-columns is-layout-flex wp-container-core-columns-is-layout-28f84493 wp-block-columns-is-layout-flex\">\n<div class=\"wp-block-column is-layout-flow wp-block-column-is-layout-flow\" style=\"flex-basis:33.33%\">\n<figure class=\"wp-block-image size-full\"><img loading=\"lazy\" decoding=\"async\" width=\"776\" height=\"1024\" src=\"https:\/\/www.vitser.com.ar\/wp-content\/uploads\/2022\/05\/DSCN0639.png\" alt=\"\" class=\"wp-image-55\" srcset=\"https:\/\/www.vitser.com.ar\/wp-content\/uploads\/2022\/05\/DSCN0639.png 776w, https:\/\/www.vitser.com.ar\/wp-content\/uploads\/2022\/05\/DSCN0639-227x300.png 227w, https:\/\/www.vitser.com.ar\/wp-content\/uploads\/2022\/05\/DSCN0639-768x1013.png 768w\" sizes=\"auto, (max-width: 776px) 100vw, 776px\" \/><\/figure>\n<\/div>\n\n\n\n<div class=\"wp-block-column is-layout-flow wp-block-column-is-layout-flow\" style=\"flex-basis:66.66%\">\n<p>Equipo corrector del factor de potencia fijo<\/p>\n\n\n\n<p>Fabricados con gabinete met\u00e1lico de la mas alta calidad pintado con pintura epoxi y compuesto por los mejores componentes del mercado, cumpliendo as\u00ed con todas las normas requeridas y los mas altos est\u00e1ndares que el mercado exige.<br>Dimensiones: 460x260x80mm<\/p>\n<\/div>\n<\/div>\n","protected":false},"excerpt":{"rendered":"<p>Equipo corrector del factor de potencia fijo Fabricados con gabinete met\u00e1lico de la mas alta calidad pintado con pintura epoxi y compuesto por los mejores componentes del mercado, cumpliendo as\u00ed con todas las normas requeridas y los mas altos est\u00e1ndares que el mercado exige.Dimensiones: 460x260x80mm<\/p>\n","protected":false},"author":1,"featured_media":0,"parent":0,"menu_order":0,"comment_status":"closed","ping_status":"closed","template":"","meta":{"footnotes":""},"class_list":["post-23","page","type-page","status-publish","hentry"],"_links":{"self":[{"href":"https:\/\/www.vitser.com.ar\/index.php\/wp-json\/wp\/v2\/pages\/23","targetHints":{"allow":["GET"]}}],"collection":[{"href":"https:\/\/www.vitser.com.ar\/index.php\/wp-json\/wp\/v2\/pages"}],"about":[{"href":"https:\/\/www.vitser.com.ar\/index.php\/wp-json\/wp\/v2\/types\/page"}],"author":[{"embeddable":true,"href":"https:\/\/www.vitser.com.ar\/index.php\/wp-json\/wp\/v2\/users\/1"}],"replies":[{"embeddable":true,"href":"https:\/\/www.vitser.com.ar\/index.php\/wp-json\/wp\/v2\/comments?post=23"}],"version-history":[{"count":2,"href":"https:\/\/www.vitser.com.ar\/index.php\/wp-json\/wp\/v2\/pages\/23\/revisions"}],"predecessor-version":[{"id":56,"href":"https:\/\/www.vitser.com.ar\/index.php\/wp-json\/wp\/v2\/pages\/23\/revisions\/56"}],"wp:attachment":[{"href":"https:\/\/www.vitser.com.ar\/index.php\/wp-json\/wp\/v2\/media?parent=23"}],"curies":[{"name":"wp","href":"https:\/\/api.w.org\/{rel}","templated":true}]}}