{"id":20,"date":"2022-05-14T13:47:59","date_gmt":"2022-05-14T16:47:59","guid":{"rendered":"https:\/\/www.vitser.com.ar\/?page_id=20"},"modified":"2022-05-15T00:35:24","modified_gmt":"2022-05-15T03:35:24","slug":"linea-vt","status":"publish","type":"page","link":"https:\/\/www.vitser.com.ar\/index.php\/linea-vt\/","title":{"rendered":"Linea VT"},"content":{"rendered":"\n<div class=\"wp-block-columns is-layout-flex wp-container-core-columns-is-layout-28f84493 wp-block-columns-is-layout-flex\">\n<div class=\"wp-block-column is-layout-flow wp-block-column-is-layout-flow\" style=\"flex-basis:33.33%\">\n<figure class=\"wp-block-image size-full\"><img loading=\"lazy\" decoding=\"async\" width=\"432\" height=\"1024\" src=\"https:\/\/www.vitser.com.ar\/wp-content\/uploads\/2022\/05\/Imagen-004-1.png\" alt=\"\" class=\"wp-image-52\" srcset=\"https:\/\/www.vitser.com.ar\/wp-content\/uploads\/2022\/05\/Imagen-004-1.png 432w, https:\/\/www.vitser.com.ar\/wp-content\/uploads\/2022\/05\/Imagen-004-1-127x300.png 127w\" sizes=\"auto, (max-width: 432px) 100vw, 432px\" \/><\/figure>\n<\/div>\n\n\n\n<div class=\"wp-block-column is-layout-flow wp-block-column-is-layout-flow\" style=\"flex-basis:66.66%\">\n<p>Equipo corrector del factor de potencia fijo<\/p>\n\n\n\n<p>Fabricados con gabinete met\u00e1lico de la mas alta calidad pintado con pintura epoxi y compuesto por los mejores componentes del mercado, cumpliendo as\u00ed con todas las normas requeridas y los mas altos est\u00e1ndares que el mercado exige.<br>Dimensiones: 460x110mmx80mm<\/p>\n<\/div>\n<\/div>\n\n\n\n<p><\/p>\n","protected":false},"excerpt":{"rendered":"<p>Equipo corrector del factor de potencia fijo Fabricados con gabinete met\u00e1lico de la mas alta calidad pintado con pintura epoxi y compuesto por los mejores componentes del mercado, cumpliendo as\u00ed con todas las normas requeridas y los mas altos est\u00e1ndares que el mercado exige.Dimensiones: 460x110mmx80mm<\/p>\n","protected":false},"author":1,"featured_media":0,"parent":0,"menu_order":0,"comment_status":"closed","ping_status":"closed","template":"","meta":{"footnotes":""},"class_list":["post-20","page","type-page","status-publish","hentry"],"_links":{"self":[{"href":"https:\/\/www.vitser.com.ar\/index.php\/wp-json\/wp\/v2\/pages\/20","targetHints":{"allow":["GET"]}}],"collection":[{"href":"https:\/\/www.vitser.com.ar\/index.php\/wp-json\/wp\/v2\/pages"}],"about":[{"href":"https:\/\/www.vitser.com.ar\/index.php\/wp-json\/wp\/v2\/types\/page"}],"author":[{"embeddable":true,"href":"https:\/\/www.vitser.com.ar\/index.php\/wp-json\/wp\/v2\/users\/1"}],"replies":[{"embeddable":true,"href":"https:\/\/www.vitser.com.ar\/index.php\/wp-json\/wp\/v2\/comments?post=20"}],"version-history":[{"count":2,"href":"https:\/\/www.vitser.com.ar\/index.php\/wp-json\/wp\/v2\/pages\/20\/revisions"}],"predecessor-version":[{"id":53,"href":"https:\/\/www.vitser.com.ar\/index.php\/wp-json\/wp\/v2\/pages\/20\/revisions\/53"}],"wp:attachment":[{"href":"https:\/\/www.vitser.com.ar\/index.php\/wp-json\/wp\/v2\/media?parent=20"}],"curies":[{"name":"wp","href":"https:\/\/api.w.org\/{rel}","templated":true}]}}