{"id":11,"date":"2022-05-14T13:31:17","date_gmt":"2022-05-14T16:31:17","guid":{"rendered":"https:\/\/www.vitser.com.ar\/?page_id=11"},"modified":"2022-05-15T12:48:12","modified_gmt":"2022-05-15T15:48:12","slug":"quienes-somos","status":"publish","type":"page","link":"https:\/\/www.vitser.com.ar\/index.php\/quienes-somos\/","title":{"rendered":"Quienes Somos?"},"content":{"rendered":"\n<p>Desde 1998 estamos trabajando junto a las empresas argentinas proveyendo asesoramientos sobre ahorro de energ\u00eda, instalaciones el\u00e9ctricas en baja y media tensi\u00f3n y comercializando productos afines a nuestras tareas, los a\u00f1os de experiencia hacen a nuestra calidad, la confianza de nuestros clientes lo confirma.<\/p>\n\n\n\n<p>Adem\u00e1s disponemos de la \u00faltima tecnolog\u00eda para lograr una \u00f3ptima calidad<br>en productos y servicios, apuntando nuestros esfuerzos<br>a la mejora continua; capitalizando de esta forma<br>la confianza de nuestros clientes.<\/p>\n\n\n\n<div class=\"wp-block-image\"><figure class=\"aligncenter size-full\"><img loading=\"lazy\" decoding=\"async\" width=\"1024\" height=\"683\" src=\"https:\/\/www.vitser.com.ar\/wp-content\/uploads\/2022\/05\/29.jpg\" alt=\"\" class=\"wp-image-144\" srcset=\"https:\/\/www.vitser.com.ar\/wp-content\/uploads\/2022\/05\/29.jpg 1024w, https:\/\/www.vitser.com.ar\/wp-content\/uploads\/2022\/05\/29-300x200.jpg 300w, https:\/\/www.vitser.com.ar\/wp-content\/uploads\/2022\/05\/29-768x512.jpg 768w\" sizes=\"auto, (max-width: 1024px) 100vw, 1024px\" \/><\/figure><\/div>\n\n\n\n<p><\/p>\n","protected":false},"excerpt":{"rendered":"<p>Desde 1998 estamos trabajando junto a las empresas argentinas proveyendo asesoramientos sobre ahorro de energ\u00eda, instalaciones el\u00e9ctricas en baja y media tensi\u00f3n y comercializando productos afines a nuestras tareas, los a\u00f1os de experiencia hacen a nuestra calidad, la confianza de nuestros clientes lo confirma. Adem\u00e1s disponemos de la \u00faltima tecnolog\u00eda para lograr una \u00f3ptima calidaden [&hellip;]<\/p>\n","protected":false},"author":1,"featured_media":0,"parent":0,"menu_order":0,"comment_status":"closed","ping_status":"closed","template":"","meta":{"footnotes":""},"class_list":["post-11","page","type-page","status-publish","hentry"],"_links":{"self":[{"href":"https:\/\/www.vitser.com.ar\/index.php\/wp-json\/wp\/v2\/pages\/11","targetHints":{"allow":["GET"]}}],"collection":[{"href":"https:\/\/www.vitser.com.ar\/index.php\/wp-json\/wp\/v2\/pages"}],"about":[{"href":"https:\/\/www.vitser.com.ar\/index.php\/wp-json\/wp\/v2\/types\/page"}],"author":[{"embeddable":true,"href":"https:\/\/www.vitser.com.ar\/index.php\/wp-json\/wp\/v2\/users\/1"}],"replies":[{"embeddable":true,"href":"https:\/\/www.vitser.com.ar\/index.php\/wp-json\/wp\/v2\/comments?post=11"}],"version-history":[{"count":3,"href":"https:\/\/www.vitser.com.ar\/index.php\/wp-json\/wp\/v2\/pages\/11\/revisions"}],"predecessor-version":[{"id":145,"href":"https:\/\/www.vitser.com.ar\/index.php\/wp-json\/wp\/v2\/pages\/11\/revisions\/145"}],"wp:attachment":[{"href":"https:\/\/www.vitser.com.ar\/index.php\/wp-json\/wp\/v2\/media?parent=11"}],"curies":[{"name":"wp","href":"https:\/\/api.w.org\/{rel}","templated":true}]}}